{"id":407,"date":"2024-12-06T12:55:48","date_gmt":"2024-12-06T11:55:48","guid":{"rendered":"https:\/\/levampyre.de\/blog\/?page_id=407"},"modified":"2025-05-08T10:07:07","modified_gmt":"2025-05-08T08:07:07","slug":"ueber-uns-%c2%b7-kontakt","status":"publish","type":"page","link":"https:\/\/levampyre.de\/blog\/?page_id=407","title":{"rendered":"\u00dcber Uns \u00b7 Kontakt"},"content":{"rendered":"\n<p><strong>E-Mail<\/strong> kontakt \u00c4T levampyre PKT de<\/p>\n\n\n\n<p>Im Sommer 2022 sind wir (LeV, Ela, Eden &amp; Kinder) als Familie + 1 aus Berlin und Hamburg nach Brandenburg auf&#8217;s Land an den <a href=\"https:\/\/chaos.social\/tags\/ArschDerHeide\">#ArschDerHeide<\/a> gezogen. Wir wollen hier ein Blockhaus bauen, ein Tiny House bewohnen, Gem\u00fcse- und Waldg\u00e4rten anlegen, Nutztiere halten, einen Laubmischwald pflanzen und uns sukzessive selbst versorgen. Der Weg ist noch weit, aber es tut gut, ein Ziel vor Augen zu haben. Lest hier, warum wir das alles tun: <a href=\"https:\/\/levampyre.de\/blog\/?p=28\" target=\"_blank\" rel=\"noreferrer noopener\">https:\/\/levampyre.de\/blog\/?p=28<\/a><\/p>\n\n\n\n<h2 class=\"wp-block-heading\">Freunde&#8230;<\/h2>\n\n\n\n<p>Kommt uns gern besuchen! Wir sind mit der Regionalbahn erreichbar. Grobe Richtung ist Spreewald, exakte Koordinaten gibt&#8217;s via Email, Signal oder Threema. Es gibt begrenzt Indoor-Schlafpl\u00e4tze und nahezu unbegrenzt Zeltpl\u00e4tze oder tempor\u00e4re (!) WoMo-Stellpl\u00e4tze. Au\u00dferdem haben wir zwei T\u00f6chter im Grundschulalter, die sich total freuen, wenn ihr auch eure Kinder mitbringt. Der Abenteuerspielplatz ist auf dem Land immer direkt vor der T\u00fcr (taugliche Kleidung vorausgesetzt). Meldet euch bitte vorher an, auch mit euren di\u00e4tischen und sonstigen Bed\u00fcrfnissen, die wir euch gern erf\u00fcllen wollen!<\/p>\n\n\n\n<h2 class=\"wp-block-heading\">&#8230;und solche, die es werden wollen<\/h2>\n\n\n\n<p>Vernetzt euch mit uns, wenn ihr Kontakt zu ein paar mittelalten, neurodivergenten, queeren, linksgr\u00fcn versifften, woken, landeiernden Spreewald-Chaot*innen sucht oder zumindest keine erkl\u00e4rte Abneigung gegen solche habt! Unsere Interessengebiete sind: Selbstversorgung, Essen Anbauen, Handarbeit, Computer, Technik, Infosec, Permakultur, Solarpunk, Klimaschutz, Soziale Gerechtigkeit, Antifaschismus, Antikapitalismus, Mutual Aid, Gift Economy, Genderged\u00f6ns, Inklusion, dies&#8230; das&#8230;<\/p>\n\n\n\n<p>Wir sind auch auf Mastodon zu finden:<\/p>\n\n\n\n<ul class=\"wp-block-list\">\n<li><strong>LeV<\/strong> <a href=\"https:\/\/chaos.social\/@levampyre\">@levampyre@chaos.social<\/a><\/li>\n\n\n\n<li><strong>Ela<\/strong> <a href=\"https:\/\/infosec.exchange\/@andreasdotorg\">@ela@infosec.exchange<\/a><\/li>\n\n\n\n<li><strong>Eden<\/strong> <a href=\"https:\/\/chaos.social\/@mamsell\">@mamsell@chaos.social<\/a><\/li>\n<\/ul>\n\n\n\n<p class=\"has-text-align-right\">Last Updated: Mai 2025<\/p>\n\n\n\n<p><\/p>\n","protected":false},"excerpt":{"rendered":"<p>E-Mail kontakt \u00c4T levampyre PKT de Im Sommer 2022 sind wir (LeV, Ela, Eden &amp; Kinder) als Familie + 1 aus Berlin und Hamburg nach Brandenburg auf&#8217;s Land an den #ArschDerHeide gezogen. Wir wollen hier ein Blockhaus bauen, ein Tiny House bewohnen, Gem\u00fcse- und Waldg\u00e4rten anlegen, Nutztiere halten, einen Laubmischwald pflanzen und uns sukzessive selbst&#8230;<\/p>\n","protected":false},"author":2,"featured_media":0,"parent":0,"menu_order":0,"comment_status":"closed","ping_status":"closed","template":"","meta":{"footnotes":""},"class_list":["post-407","page","type-page","status-publish","hentry"],"_links":{"self":[{"href":"https:\/\/levampyre.de\/blog\/index.php?rest_route=\/wp\/v2\/pages\/407","targetHints":{"allow":["GET"]}}],"collection":[{"href":"https:\/\/levampyre.de\/blog\/index.php?rest_route=\/wp\/v2\/pages"}],"about":[{"href":"https:\/\/levampyre.de\/blog\/index.php?rest_route=\/wp\/v2\/types\/page"}],"author":[{"embeddable":true,"href":"https:\/\/levampyre.de\/blog\/index.php?rest_route=\/wp\/v2\/users\/2"}],"replies":[{"embeddable":true,"href":"https:\/\/levampyre.de\/blog\/index.php?rest_route=%2Fwp%2Fv2%2Fcomments&post=407"}],"version-history":[{"count":12,"href":"https:\/\/levampyre.de\/blog\/index.php?rest_route=\/wp\/v2\/pages\/407\/revisions"}],"predecessor-version":[{"id":426,"href":"https:\/\/levampyre.de\/blog\/index.php?rest_route=\/wp\/v2\/pages\/407\/revisions\/426"}],"wp:attachment":[{"href":"https:\/\/levampyre.de\/blog\/index.php?rest_route=%2Fwp%2Fv2%2Fmedia&parent=407"}],"curies":[{"name":"wp","href":"https:\/\/api.w.org\/{rel}","templated":true}]}}